{"id":30,"date":"2014-06-01T19:32:48","date_gmt":"2014-06-01T19:32:48","guid":{"rendered":"http:\/\/www.aegeon-lesvos.gr\/tr\/?page_id=30"},"modified":"2014-07-08T08:42:17","modified_gmt":"2014-07-08T08:42:17","slug":"kalloni-area","status":"publish","type":"page","link":"https:\/\/www.aegeon-lesvos.gr\/tr\/?page_id=30","title":{"rendered":"Kalloni b\u00f6lgesi"},"content":{"rendered":"<table border=\"0\" width=\"940\" cellspacing=\"0\" cellpadding=\"0\">\n<tbody>\n<tr>\n<td width=\"550\"><span style=\"color: #333333; font-family: Georgia, 'Times New Roman', 'Bitstream Charter', Times, serif; font-size: small;\">\u00a0[wpg_thumb]<\/span><\/td>\n<td width=\"380\">Yedi semtten(Parakila, Skala Kallonis, Argiana-Papiana-Kerami, Dafia ve Arisvi) olu\u015fan Kalloni B\u00f6lgesi, Midilli adas\u0131n\u0131n tam merkezinde yer al\u0131r.<\/p>\n<p>B\u00f6lgenin etraf\u0131n\u0131 Agra, Anemotia, Skalohori ve Filia k\u00f6yleri \u00e7evreler. 4 kilometre mesafede, b\u00f6lge k\u00f6rfezinin k\u0131y\u0131s\u0131nda yer alan bir limanda kurulmu\u015f olan otantik Skala Kallonis semtine ula\u015f\u0131r\u0131z. Bu semt, kumsall\u0131 plajlar\u0131, say\u0131s\u0131z bal\u0131k tavernalar\u0131 ve turistik konaklama yerleri ile her t\u00fcrl\u00fc turistik hizmetin sunuldu\u011fu b\u00f6lgenin en \u00f6nemli turizm beldesidir.<\/p>\n<p>Her y\u0131l burada, A\u011fustos ay\u0131n\u0131n ba\u015flar\u0131nda, Sardalye Festivali ger\u00e7ekle\u015ftirilir. Ziyaret\u00e7iler burada bulunan bal\u0131k tavernalar\u0131nda Kalloni K\u00f6rfezinde yakalanan sardalye, karides, istiridye gibi taze bal\u0131klar\u0131n ve deniz \u00fcr\u00fcnlerinin tad\u0131na bakabilir. Ayr\u0131ca, d\u00fcnyada \u00e7ok nadir bulunan hayvan t\u00fcrlerini i\u00e7inde bar\u0131nd\u0131ran bu sulak alan g\u00f6rmeye de\u011ferdir.<\/p>\n<p>&nbsp;<\/p>\n<p>Kalloni\u2019de her t\u00fcrl\u00fc ihtiyac\u0131n\u0131z\u0131 kar\u015f\u0131layabilece\u011finiz b\u00fcy\u00fck ve modern al\u0131\u015fveri\u015f ma\u011fazalar\u0131n\u0131 ve ayr\u0131ca Kuzeybat\u0131 Midilli Sa\u011fl\u0131k Merkezini.<\/p>\n<p>&nbsp;<\/td>\n<\/tr>\n<\/tbody>\n<\/table>\n","protected":false},"excerpt":{"rendered":"<p>\u00a0[wpg_thumb] Yedi semtten(Parakila, Skala Kallonis, Argiana-Papiana-Kerami, Dafia ve Arisvi) olu\u015fan Kalloni B\u00f6lgesi, Midilli adas\u0131n\u0131n tam merkezinde yer al\u0131r. B\u00f6lgenin etraf\u0131n\u0131 Agra, Anemotia, Skalohori ve Filia k\u00f6yleri \u00e7evreler. 4 kilometre mesafede,<\/p>\n","protected":false},"author":1,"featured_media":0,"parent":0,"menu_order":0,"comment_status":"open","ping_status":"open","template":"template-full-width.php","meta":[],"_links":{"self":[{"href":"https:\/\/www.aegeon-lesvos.gr\/tr\/index.php?rest_route=\/wp\/v2\/pages\/30"}],"collection":[{"href":"https:\/\/www.aegeon-lesvos.gr\/tr\/index.php?rest_route=\/wp\/v2\/pages"}],"about":[{"href":"https:\/\/www.aegeon-lesvos.gr\/tr\/index.php?rest_route=\/wp\/v2\/types\/page"}],"author":[{"embeddable":true,"href":"https:\/\/www.aegeon-lesvos.gr\/tr\/index.php?rest_route=\/wp\/v2\/users\/1"}],"replies":[{"embeddable":true,"href":"https:\/\/www.aegeon-lesvos.gr\/tr\/index.php?rest_route=%2Fwp%2Fv2%2Fcomments&post=30"}],"version-history":[{"count":9,"href":"https:\/\/www.aegeon-lesvos.gr\/tr\/index.php?rest_route=\/wp\/v2\/pages\/30\/revisions"}],"predecessor-version":[{"id":358,"href":"https:\/\/www.aegeon-lesvos.gr\/tr\/index.php?rest_route=\/wp\/v2\/pages\/30\/revisions\/358"}],"wp:attachment":[{"href":"https:\/\/www.aegeon-lesvos.gr\/tr\/index.php?rest_route=%2Fwp%2Fv2%2Fmedia&parent=30"}],"curies":[{"name":"wp","href":"https:\/\/api.w.org\/{rel}","templated":true}]}}